{"id":381,"date":"2025-04-04T11:55:24","date_gmt":"2025-04-04T08:55:24","guid":{"rendered":"https:\/\/hammtek.wordpress.com\/?page_id=381"},"modified":"2025-04-30T07:09:10","modified_gmt":"2025-04-30T07:09:10","slug":"donate","status":"publish","type":"page","link":"https:\/\/hammtek.com\/campaign\/donate\/","title":{"rendered":"Lahjoittaa"},"content":{"rendered":"\n<div class=\"wp-block-group alignfull has-background has-global-padding is-layout-constrained wp-container-core-group-is-layout-d89aad35 wp-block-group-is-layout-constrained\" style=\"background:linear-gradient(179deg,rgba(92,193,247,0.12) 9%,rgba(255,200,61,0.12) 100%);margin-top:0;margin-bottom:0;padding-top:var(--wp--preset--spacing--50);padding-right:var(--wp--preset--spacing--50);padding-bottom:var(--wp--preset--spacing--50);padding-left:var(--wp--preset--spacing--50)\">\n<div class=\"wp-block-columns alignwide is-layout-flex wp-container-core-columns-is-layout-1da03c2a wp-block-columns-is-layout-flex\">\n<div class=\"wp-block-column is-vertically-aligned-center is-layout-flow wp-block-column-is-layout-flow\" style=\"flex-basis:60%\">\n<figure class=\"wp-block-image size-full is-style-rounded wp-duotone-unset-1\"><img data-recalc-dims=\"1\" loading=\"lazy\" decoding=\"async\" width=\"600\" height=\"600\" src=\"https:\/\/i0.wp.com\/hammtek.com\/campaign\/wp-content\/uploads\/2025\/03\/2023.09.18-hammtek_white.png?resize=600%2C600&#038;ssl=1\" alt=\"\" class=\"wp-image-15\" style=\"aspect-ratio:4\/3;object-fit:contain\" srcset=\"https:\/\/i0.wp.com\/hammtek.com\/campaign\/wp-content\/uploads\/2025\/03\/2023.09.18-hammtek_white.png?w=600&amp;ssl=1 600w, https:\/\/i0.wp.com\/hammtek.com\/campaign\/wp-content\/uploads\/2025\/03\/2023.09.18-hammtek_white.png?resize=300%2C300&amp;ssl=1 300w, https:\/\/i0.wp.com\/hammtek.com\/campaign\/wp-content\/uploads\/2025\/03\/2023.09.18-hammtek_white.png?resize=150%2C150&amp;ssl=1 150w\" sizes=\"auto, (max-width: 600px) 100vw, 600px\" \/><\/figure>\n<\/div>\n\n\n\n<div class=\"wp-block-column is-layout-flow wp-block-column-is-layout-flow\">\n<div class=\"wp-block-jetpack-donations\"><h4><\/h4><p><strong>Arvostamme tukiasi.<\/strong><br>Lahjoituksesi on vapaaehtoinen eik\u00e4 sit\u00e4 palauteta. Kaikki lahjoitukset k\u00e4ytet\u00e4\u00e4n HammTek-kampanjan tukemiseen ja suun terveyden edist\u00e4miseen.<\/p><a class=\"jetpack-donations-fallback-link\" rel=\"noopener noreferrer noamphtml\" target=\"_blank\"><\/a><\/div>\n<\/div>\n<\/div>\n<\/div>\n","protected":false},"excerpt":{"rendered":"","protected":false},"author":1,"featured_media":0,"parent":0,"menu_order":0,"comment_status":"closed","ping_status":"closed","template":"","meta":{"jetpack_post_was_ever_published":false,"footnotes":""},"class_list":["post-381","page","type-page","status-publish","hentry"],"jetpack_sharing_enabled":true,"jetpack-related-posts":[],"_links":{"self":[{"href":"https:\/\/hammtek.com\/campaign\/wp-json\/wp\/v2\/pages\/381","targetHints":{"allow":["GET"]}}],"collection":[{"href":"https:\/\/hammtek.com\/campaign\/wp-json\/wp\/v2\/pages"}],"about":[{"href":"https:\/\/hammtek.com\/campaign\/wp-json\/wp\/v2\/types\/page"}],"author":[{"embeddable":true,"href":"https:\/\/hammtek.com\/campaign\/wp-json\/wp\/v2\/users\/1"}],"replies":[{"embeddable":true,"href":"https:\/\/hammtek.com\/campaign\/wp-json\/wp\/v2\/comments?post=381"}],"version-history":[{"count":10,"href":"https:\/\/hammtek.com\/campaign\/wp-json\/wp\/v2\/pages\/381\/revisions"}],"predecessor-version":[{"id":903,"href":"https:\/\/hammtek.com\/campaign\/wp-json\/wp\/v2\/pages\/381\/revisions\/903"}],"wp:attachment":[{"href":"https:\/\/hammtek.com\/campaign\/wp-json\/wp\/v2\/media?parent=381"}],"curies":[{"name":"wp","href":"https:\/\/api.w.org\/{rel}","templated":true}]}}