{"id":76,"date":"2025-03-27T16:05:43","date_gmt":"2025-03-27T14:05:43","guid":{"rendered":"https:\/\/hammtek.wordpress.com\/?page_id=76"},"modified":"2025-04-30T07:11:41","modified_gmt":"2025-04-30T07:11:41","slug":"locations","status":"publish","type":"page","link":"https:\/\/hammtek.com\/campaign\/locations\/","title":{"rendered":"Paikat"},"content":{"rendered":"\n<div class=\"wp-block-group alignfull is-style-section-2 has-background has-global-padding is-content-justification-center is-layout-constrained wp-block-group-is-layout-constrained is-style-section-2--1\" style=\"background:linear-gradient(170deg,rgba(92,193,247,0.12) 72%,rgba(255,200,61,0.12) 100%);margin-top:0;margin-bottom:0;padding-top:var(--wp--preset--spacing--40);padding-bottom:var(--wp--preset--spacing--40)\">\n<div class=\"wp-block-columns alignwide is-layout-flex wp-container-core-columns-is-layout-28f84493 wp-block-columns-is-layout-flex\">\n<div class=\"wp-block-column is-layout-flow wp-block-column-is-layout-flow\">\n<div class=\"wp-block-group has-global-padding is-content-justification-left is-layout-constrained wp-container-core-group-is-layout-7526a028 wp-block-group-is-layout-constrained\">\n<h2 class=\"wp-block-heading\">Terkko Health Hub<\/h2>\n\n\n\n<p><a href=\"https:\/\/www.bing.com\/ck\/a?!&amp;&amp;p=715e797a7ff45baaa515d567bd9373dc3bfcd1cc65c5c5cf5ed29593c3970985JmltdHM9MTc0MzAzMzYwMA&amp;ptn=3&amp;ver=2&amp;hsh=4&amp;fclid=1399251c-7524-6782-390d-304574ab66ae&amp;u=a1L21hcHM_Jm1lcGk9MTA5fn5Ub3BPZlBhZ2V-QWRkcmVzc19MaW5rJnR5PTE4JnE9VGVya2tvJTIwSGVhbHRoJTIwSHViJnNzPXlwaWQuWU44MDU2eDEwOTM5MDU5Njk2MTMwNjcyNjImcHBvaXM9NjAuMTkwNjIwNDIyMzYzMjhfMjQuOTA3MjYwODk0Nzc1MzlfVGVya2tvJTIwSGVhbHRoJTIwSHViX1lOODA1NngxMDkzOTA1OTY5NjEzMDY3MjYyfiZjcD02MC4xOTA2Mn4yNC45MDcyNjEmdj0yJnNWPTEmRk9STT1NUFNSUEw&amp;ntb=1\" target=\"_blank\" rel=\"noreferrer noopener\">Haartmaninkatu 4 00290 Helsingfors<\/a><\/p>\n\n\n\n<p>Ma\u2014Pe<br>9am-7pm<\/p>\n<\/div>\n\n\n\n<div style=\"height:var(--wp--preset--spacing--10)\" aria-hidden=\"true\" class=\"wp-block-spacer\"><\/div>\n<\/div>\n\n\n\n<div class=\"wp-block-column is-layout-flow wp-block-column-is-layout-flow\">\n<figure class=\"wp-block-image size-large is-style-rounded\"><a href=\"https:\/\/www.bing.com\/maps?&amp;ty=18&amp;q=Haartmaninkatu%204%2000290%20Helsingfors&amp;ss=ypid.YN8056x1093905969613067262&amp;mb=60.195617~24.892058~60.185622~24.922442&amp;description=Haartmaninkatu%204%2000290%20Helsingfors&amp;cardbg=%2388979C&amp;dt=1743750000000&amp;tt=Terkko%20Health%20Hub&amp;tsts0=%2526ty%253D18%2526q%253DHaartmaninkatu%2525204%25252000290%252520Helsingfors%2526ss%253Dypid.YN8056x1093905969613067262%2526mb%253D60.195617~24.892058~60.185622~24.922442%2526description%253DHaartmaninkatu%2525204%25252000290%252520Helsingfors%2526cardbg%253D%25252388979C%2526dt%253D1743750000000&amp;tstt0=Terkko%20Health%20Hub&amp;cp=60.188367~24.89825&amp;lvl=14.815901&amp;pi=0&amp;ftst=0&amp;ftics=False&amp;v=2&amp;sV=2&amp;form=S00027\" target=\"_blank\" rel=\"noopener\"><img data-recalc-dims=\"1\" loading=\"lazy\" decoding=\"async\" width=\"1024\" height=\"643\" src=\"https:\/\/i0.wp.com\/hammtek.com\/campaign\/wp-content\/uploads\/2025\/04\/terrko.png?resize=1024%2C643&#038;ssl=1\" alt=\"\" class=\"wp-image-362\" srcset=\"https:\/\/i0.wp.com\/hammtek.com\/campaign\/wp-content\/uploads\/2025\/04\/terrko.png?resize=1024%2C643&amp;ssl=1 1024w, https:\/\/i0.wp.com\/hammtek.com\/campaign\/wp-content\/uploads\/2025\/04\/terrko.png?resize=300%2C188&amp;ssl=1 300w, https:\/\/i0.wp.com\/hammtek.com\/campaign\/wp-content\/uploads\/2025\/04\/terrko.png?resize=768%2C482&amp;ssl=1 768w, https:\/\/i0.wp.com\/hammtek.com\/campaign\/wp-content\/uploads\/2025\/04\/terrko.png?resize=1536%2C964&amp;ssl=1 1536w, https:\/\/i0.wp.com\/hammtek.com\/campaign\/wp-content\/uploads\/2025\/04\/terrko.png?w=1563&amp;ssl=1 1563w\" sizes=\"auto, (max-width: 1000px) 100vw, 1000px\" \/><\/a><\/figure>\n<\/div>\n<\/div>\n\n\n\n<div style=\"height:100px\" aria-hidden=\"true\" class=\"wp-block-spacer\"><\/div>\n\n\n\n<div class=\"wp-block-columns alignwide is-layout-flex wp-container-core-columns-is-layout-28f84493 wp-block-columns-is-layout-flex\">\n<div class=\"wp-block-column is-layout-flow wp-block-column-is-layout-flow\">\n<div class=\"wp-block-group has-global-padding is-content-justification-left is-layout-constrained wp-container-core-group-is-layout-7526a028 wp-block-group-is-layout-constrained\">\n<h2 class=\"wp-block-heading\">Eurohammas<\/h2>\n\n\n\n<p><a href=\"https:\/\/www.bing.com\/maps?&amp;ty=18&amp;q=H%C3%A4meentie%2060%2C%2000500%20Helsinki&amp;ss=ypid.YN8056x661009700907936244&amp;mb=60.189943~24.942902~60.184961~24.970175&amp;description=H%C3%A4meentie%2000500%20Helsinki&amp;cardbg=%23219AB6&amp;dt=1745085600000&amp;tt=H%C3%A4meentie%20Helsinki&amp;tsts0=%2526ty%253D18%2526q%253DH%2525C3%2525A4meentie%25252060%25252C%25252000500%252520Helsinki%2526ss%253Dypid.YN8056x661009700907936244%2526mb%253D60.189943~24.942902~60.184961~24.970175%2526description%253DH%2525C3%2525A4meentie%25252000500%252520Helsinki%2526cardbg%253D%252523219AB6%2526dt%253D1745085600000&amp;tstt0=H%C3%A4meentie%20Helsinki&amp;cp=60.187452~24.956517&amp;lvl=16&amp;pi=0&amp;ftst=0&amp;ftics=False&amp;v=2&amp;sV=2&amp;form=S00027\" target=\"_blank\" rel=\"noreferrer noopener\">H\u00e4meentie 60, 00500 Helsinki<\/a><\/p>\n\n\n\n<p>Ma\u2014Pe<br>9am-4pm<\/p>\n<\/div>\n\n\n\n<div style=\"height:var(--wp--preset--spacing--10)\" aria-hidden=\"true\" class=\"wp-block-spacer\"><\/div>\n<\/div>\n\n\n\n<div class=\"wp-block-column is-layout-flow wp-block-column-is-layout-flow\">\n<figure class=\"wp-block-image size-large is-style-rounded\"><a href=\"https:\/\/www.bing.com\/maps?&amp;ty=18&amp;q=H%C3%A4meentie%2060%2C%2000500%20Helsinki&amp;ss=ypid.YN8056x661009700907936244&amp;mb=60.189943~24.942902~60.184961~24.970175&amp;description=H%C3%A4meentie%2000500%20Helsinki&amp;cardbg=%23219AB6&amp;dt=1745085600000&amp;tt=H%C3%A4meentie%20Helsinki&amp;tsts0=%2526ty%253D18%2526q%253DH%2525C3%2525A4meentie%25252060%25252C%25252000500%252520Helsinki%2526ss%253Dypid.YN8056x661009700907936244%2526mb%253D60.189943~24.942902~60.184961~24.970175%2526description%253DH%2525C3%2525A4meentie%25252000500%252520Helsinki%2526cardbg%253D%252523219AB6%2526dt%253D1745085600000&amp;tstt0=H%C3%A4meentie%20Helsinki&amp;cp=60.187452~24.956517&amp;lvl=16&amp;pi=0&amp;ftst=0&amp;ftics=False&amp;v=2&amp;sV=2&amp;form=S00027\" target=\"_blank\" rel=\" noreferrer noopener\"><img data-recalc-dims=\"1\" loading=\"lazy\" decoding=\"async\" width=\"1024\" height=\"643\" src=\"https:\/\/i0.wp.com\/hammtek.com\/campaign\/wp-content\/uploads\/2025\/04\/Eurohammas.png?resize=1024%2C643&#038;ssl=1\" alt=\"\" class=\"wp-image-856\" srcset=\"https:\/\/i0.wp.com\/hammtek.com\/campaign\/wp-content\/uploads\/2025\/04\/Eurohammas.png?resize=1024%2C643&amp;ssl=1 1024w, https:\/\/i0.wp.com\/hammtek.com\/campaign\/wp-content\/uploads\/2025\/04\/Eurohammas.png?resize=300%2C188&amp;ssl=1 300w, https:\/\/i0.wp.com\/hammtek.com\/campaign\/wp-content\/uploads\/2025\/04\/Eurohammas.png?resize=768%2C482&amp;ssl=1 768w, https:\/\/i0.wp.com\/hammtek.com\/campaign\/wp-content\/uploads\/2025\/04\/Eurohammas.png?resize=1536%2C964&amp;ssl=1 1536w, https:\/\/i0.wp.com\/hammtek.com\/campaign\/wp-content\/uploads\/2025\/04\/Eurohammas.png?resize=600%2C377&amp;ssl=1 600w, https:\/\/i0.wp.com\/hammtek.com\/campaign\/wp-content\/uploads\/2025\/04\/Eurohammas.png?w=1563&amp;ssl=1 1563w\" sizes=\"auto, (max-width: 1000px) 100vw, 1000px\" \/><\/a><\/figure>\n<\/div>\n<\/div>\n\n\n\n<div style=\"height:100px\" aria-hidden=\"true\" class=\"wp-block-spacer\"><\/div>\n\n\n\n<div class=\"wp-block-columns alignwide is-layout-flex wp-container-core-columns-is-layout-28f84493 wp-block-columns-is-layout-flex\">\n<div class=\"wp-block-column is-layout-flow wp-block-column-is-layout-flow\">\n<div class=\"wp-block-group has-global-padding is-content-justification-left is-layout-constrained wp-container-core-group-is-layout-7526a028 wp-block-group-is-layout-constrained\">\n<h2 class=\"wp-block-heading\">Miss\u00e4 tahansa sin\u00e4 olet<\/h2>\n\n\n\n<p>Espoo \u2013 Helsinki ja l\u00e4hialueet<\/p>\n\n\n\n<p><strong>Me tulemme luoksesi \u2013 kotiin, ty\u00f6paikalle tai vaikka p\u00e4iv\u00e4kotiin.<\/strong><\/p>\n\n\n\n<p>7 p\u00e4iv\u00e4\u00e4 viikossa<br>9am-7pm<\/p>\n<\/div>\n\n\n\n<div style=\"height:var(--wp--preset--spacing--10)\" aria-hidden=\"true\" class=\"wp-block-spacer\"><\/div>\n<\/div>\n\n\n\n<div class=\"wp-block-column is-layout-flow wp-block-column-is-layout-flow\">\n<figure class=\"wp-block-image size-full is-style-rounded\"><img data-recalc-dims=\"1\" loading=\"lazy\" decoding=\"async\" width=\"903\" height=\"490\" src=\"https:\/\/i0.wp.com\/hammtek.com\/campaign\/wp-content\/uploads\/2025\/03\/map.jpg?resize=903%2C490&#038;ssl=1\" alt=\"\" class=\"wp-image-39\" srcset=\"https:\/\/i0.wp.com\/hammtek.com\/campaign\/wp-content\/uploads\/2025\/03\/map.jpg?w=903&amp;ssl=1 903w, https:\/\/i0.wp.com\/hammtek.com\/campaign\/wp-content\/uploads\/2025\/03\/map.jpg?resize=300%2C163&amp;ssl=1 300w, https:\/\/i0.wp.com\/hammtek.com\/campaign\/wp-content\/uploads\/2025\/03\/map.jpg?resize=768%2C417&amp;ssl=1 768w\" sizes=\"auto, (max-width: 903px) 100vw, 903px\" \/><\/figure>\n<\/div>\n<\/div>\n<\/div>\n\n\n\n<p><\/p>\n","protected":false},"excerpt":{"rendered":"<p>Terkko Health Hub Haartmaninkatu 4 00290 Helsingfors Ma\u2014Pe9am-7pm Eurohammas H\u00e4meentie 60, 00500 Helsinki Ma\u2014Pe9am-4pm Miss\u00e4 tahansa sin\u00e4 olet Espoo \u2013 Helsinki ja l\u00e4hialueet Me tulemme luoksesi \u2013 kotiin, ty\u00f6paikalle tai vaikka p\u00e4iv\u00e4kotiin. 7 p\u00e4iv\u00e4\u00e4 viikossa9am-7pm<\/p>\n","protected":false},"author":1,"featured_media":0,"parent":0,"menu_order":0,"comment_status":"closed","ping_status":"closed","template":"","meta":{"jetpack_post_was_ever_published":false,"footnotes":""},"class_list":["post-76","page","type-page","status-publish","hentry"],"jetpack_sharing_enabled":true,"jetpack-related-posts":[],"_links":{"self":[{"href":"https:\/\/hammtek.com\/campaign\/wp-json\/wp\/v2\/pages\/76","targetHints":{"allow":["GET"]}}],"collection":[{"href":"https:\/\/hammtek.com\/campaign\/wp-json\/wp\/v2\/pages"}],"about":[{"href":"https:\/\/hammtek.com\/campaign\/wp-json\/wp\/v2\/types\/page"}],"author":[{"embeddable":true,"href":"https:\/\/hammtek.com\/campaign\/wp-json\/wp\/v2\/users\/1"}],"replies":[{"embeddable":true,"href":"https:\/\/hammtek.com\/campaign\/wp-json\/wp\/v2\/comments?post=76"}],"version-history":[{"count":11,"href":"https:\/\/hammtek.com\/campaign\/wp-json\/wp\/v2\/pages\/76\/revisions"}],"predecessor-version":[{"id":904,"href":"https:\/\/hammtek.com\/campaign\/wp-json\/wp\/v2\/pages\/76\/revisions\/904"}],"wp:attachment":[{"href":"https:\/\/hammtek.com\/campaign\/wp-json\/wp\/v2\/media?parent=76"}],"curies":[{"name":"wp","href":"https:\/\/api.w.org\/{rel}","templated":true}]}}