{"id":943,"date":"2025-06-22T06:45:08","date_gmt":"2025-06-22T06:45:08","guid":{"rendered":"https:\/\/hammtek.com\/campaign\/?page_id=943"},"modified":"2025-06-22T06:45:08","modified_gmt":"2025-06-22T06:45:08","slug":"registration_form","status":"publish","type":"page","link":"https:\/\/hammtek.com\/campaign\/registration_form\/","title":{"rendered":"Rekister\u00f6intilomake"},"content":{"rendered":"\n<div class=\"wp-block-group alignfull has-background has-global-padding is-layout-constrained wp-block-group-is-layout-constrained\" style=\"background:linear-gradient(170deg,rgba(92,193,247,0.12) 52%,rgba(255,200,61,0.12) 100%);margin-top:0;margin-bottom:0;padding-top:var(--wp--preset--spacing--50);padding-bottom:var(--wp--preset--spacing--50)\">\n<div class=\"wp-block-columns alignwide is-layout-flex wp-container-core-columns-is-layout-28f84493 wp-block-columns-is-layout-flex\">\n<div class=\"wp-block-column is-layout-flow wp-block-column-is-layout-flow\">\n<h2 class=\"wp-block-heading has-text-align-left\"><strong>Yhteystiedot<\/strong><\/h2>\n\n\n\n<div style=\"height:var(--wp--preset--spacing--10)\" aria-hidden=\"true\" class=\"wp-block-spacer\"><\/div>\n\n\n\n<p class=\"has-text-align-left is-contact-phone-email\">045 144 1514<br>support@hammtek.com<\/p>\n\n\n\n<div style=\"height:var(--wp--preset--spacing--10)\" aria-hidden=\"true\" class=\"wp-block-spacer\"><\/div>\n\n\n\n<p class=\"is-contact-address\">Terkko Health Hub<br> Haartmaninkatu 4 00290 Helsinki<\/p>\n<\/div>\n\n\n\n<div class=\"wp-block-column is-layout-flow wp-block-column-is-layout-flow\">\n\t<div class=\"fluentform-block-77047ed2-a7ab ffblock-block-frontend\">\n\t\t<div class=\"ffblock-fluent-form-wrapper ffblock-fluent-form-style-1 \">\n\t\t\t<div class='fluentform ff-default fluentform_wrapper_1 ffs_default_wrap'><form data-form_id=\"1\" id=\"fluentform_1\" class=\"frm-fluent-form fluent_form_1 ff-el-form-top ff_form_instance_1_1 ff-form-loading ffs_default\" data-form_instance=\"ff_form_instance_1_1\" method=\"POST\" ><fieldset  style=\"border: none!important;margin: 0!important;padding: 0!important;background-color: transparent!important;box-shadow: none!important;outline: none!important; min-inline-size: 100%;\">\n                    <legend class=\"ff_screen_reader_title\" style=\"display: block; margin: 0!important;padding: 0!important;height: 0!important;text-indent: -999999px;width: 0!important;overflow:hidden;\">Contact Form Demo (#1)<\/legend><p style=\"display: none !important;\" class=\"akismet-fields-container\" data-prefix=\"ak_\"><label>&#916;<textarea name=\"ak_hp_textarea\" cols=\"45\" rows=\"8\" maxlength=\"100\"><\/textarea><\/label><input type=\"hidden\" id=\"ak_js_1\" name=\"ak_js\" value=\"31\"\/><script>document.getElementById( \"ak_js_1\" ).setAttribute( \"value\", ( new Date() ).getTime() );<\/script><\/p><input type='hidden' name='__fluent_form_embded_post_id' value='943' \/><input type=\"hidden\" id=\"_fluentform_1_fluentformnonce\" name=\"_fluentform_1_fluentformnonce\" value=\"130d0be3d7\" \/><input type=\"hidden\" name=\"_wp_http_referer\" value=\"\/campaign\/wp-json\/wp\/v2\/pages\/943\" \/><div data-type=\"name-element\" data-name=\"names\" class=\" ff-field_container ff-name-field-wrapper\" ><div class='ff-t-container'><div class='ff-t-cell '><div class='ff-el-group'><div class=\"ff-el-input--label ff-el-is-required asterisk-right\"><label for='ff_1_names_first_name_' id='label_ff_1_names_first_name_' >Nimi<\/label><\/div><div class='ff-el-input--content'><input type=\"text\" name=\"names[first_name]\" id=\"ff_1_names_first_name_\" class=\"ff-el-form-control\" placeholder=\"Nimi\" aria-invalid=\"false\" aria-required=true><\/div><\/div><\/div><\/div><\/div><div class='ff-el-group'><div class=\"ff-el-input--label ff-el-is-required asterisk-right\"><label for='ff_1_email' id='label_ff_1_email' aria-label=\"S\u00e4hk\u00f6postiosoite\">S\u00e4hk\u00f6postiosoite<\/label><\/div><div class='ff-el-input--content'><input type=\"email\" name=\"email\" id=\"ff_1_email\" class=\"ff-el-form-control\" placeholder=\"S\u00e4hk\u00f6postiosoite\" data-name=\"email\"  aria-invalid=\"false\" aria-required=true><\/div><\/div><div class='ff-el-group'><div class=\"ff-el-input--label ff-el-is-required asterisk-right\"><label for='ff_1_dropdown' id='label_ff_1_dropdown' aria-label=\"Valitse tarkastusajankohta\">Valitse tarkastusajankohta<\/label><\/div><div class='ff-el-input--content'><select name=\"dropdown\" id=\"ff_1_dropdown\" class=\"ff-el-form-control\" data-name=\"dropdown\" data-calc_value=\"0\"  aria-invalid=\"false\" aria-required=\"true\" aria-labelledby=\"label_ff_1_dropdown\"><option value=\"\">&#8211; Select &#8211;<\/option><option value=\"Terkko Health Hub\"  >Terkko Health Hub<\/option><option value=\"EuroHammas\"  >EuroHammas<\/option><option value=\"Miss\u00e4 tahansa sin\u00e4 olet\"  >Miss\u00e4 tahansa sin\u00e4 olet<\/option><\/select><\/div><\/div><div class=\"ff-name-address-wrapper fluent-address has-conditions\" data-type=\"address-element\" data-name=\"address_1\" ><div class='ff-el-input--label'><label aria-label=\"Osoite\">Osoite <\/label><\/div><div class='ff-el-input--content'><div class='ff-t-container'><div class='ff-t-cell'><div class='ff-el-group'><div class=\"ff-el-input--label ff-el-is-required asterisk-right\"><label for='ff_1_address_1_address_line_1_' id='label_ff_1_address_1_address_line_1_' aria-label=\"Osoite\">Osoite<\/label><\/div><div class='ff-el-input--content'><input type=\"text\" name=\"address_1[address_line_1]\" id=\"ff_1_address_1_address_line_1_\" class=\"ff-el-form-control\" placeholder=\"katu ja numero\" data-key_name=\"address_line_1\"  aria-invalid=\"false\" aria-required=true><\/div><\/div><\/div><div class='ff-t-cell'><div class='ff-el-group'><div class=\"ff-el-input--label asterisk-right\"><label for='ff_1_address_1_address_line_2_' id='label_ff_1_address_1_address_line_2_' aria-label=\"Lis\u00e4tiedot\">Lis\u00e4tiedot<\/label><\/div><div class='ff-el-input--content'><input type=\"text\" name=\"address_1[address_line_2]\" id=\"ff_1_address_1_address_line_2_\" class=\"ff-el-form-control\" placeholder=\" valinnainen\" data-key_name=\"address_line_2\"  aria-invalid=\"false\" aria-required=false><\/div><\/div><\/div><\/div><div class='ff-t-container'><div class='ff-t-cell'><div class='ff-el-group'><div class=\"ff-el-input--label ff-el-is-required asterisk-right\"><label for='ff_1_address_1_city_' id='label_ff_1_address_1_city_' aria-label=\"Kaupunki\">Kaupunki<\/label><\/div><div class='ff-el-input--content'><input type=\"text\" name=\"address_1[city]\" id=\"ff_1_address_1_city_\" class=\"ff-el-form-control\" placeholder=\"Kaupunki\" data-key_name=\"city\"  aria-invalid=\"false\" aria-required=true><\/div><\/div><\/div><div class='ff-t-cell'><div class='ff-el-group'><div class=\"ff-el-input--label ff-el-is-required asterisk-right\"><label for='ff_1_address_1_zip_' id='label_ff_1_address_1_zip_' aria-label=\"Postinumero\">Postinumero<\/label><\/div><div class='ff-el-input--content'><input type=\"text\" name=\"address_1[zip]\" id=\"ff_1_address_1_zip_\" class=\"ff-el-form-control\" placeholder=\"Postinumero\" data-key_name=\"zip\"  aria-invalid=\"false\" aria-required=true><\/div><\/div><\/div><\/div><\/div><\/div><div class='ff-el-group'><div class=\"ff-el-input--label ff-el-is-required asterisk-right\"><label for='ff_1_datetime' id='label_ff_1_datetime' aria-label=\"P\u00e4iv\u00e4m\u00e4\u00e4r\u00e4\">P\u00e4iv\u00e4m\u00e4\u00e4r\u00e4<\/label><div class=\"ff-el-tooltip\" data-content=\"Valitse p\u00e4iv\u00e4m\u00e4\u00e4r\u00e4 huomisesta alkaen\"><svg width=\"16\" height=\"16\" viewBox=\"0 0 25 25\"><path d=\"m329 393l0-46c0-2-1-4-2-6-2-2-4-3-7-3l-27 0 0-146c0-3-1-5-3-7-2-1-4-2-7-2l-91 0c-3 0-5 1-7 2-1 2-2 4-2 7l0 46c0 2 1 5 2 6 2 2 4 3 7 3l27 0 0 91-27 0c-3 0-5 1-7 3-1 2-2 4-2 6l0 46c0 3 1 5 2 7 2 1 4 2 7 2l128 0c3 0 5-1 7-2 1-2 2-4 2-7z m-36-256l0-46c0-2-1-4-3-6-2-2-4-3-7-3l-54 0c-3 0-5 1-7 3-2 2-3 4-3 6l0 46c0 3 1 5 3 7 2 1 4 2 7 2l54 0c3 0 5-1 7-2 2-2 3-4 3-7z m182 119c0 40-9 77-29 110-20 34-46 60-80 80-33 20-70 29-110 29-40 0-77-9-110-29-34-20-60-46-80-80-20-33-29-70-29-110 0-40 9-77 29-110 20-34 46-60 80-80 33-20 70-29 110-29 40 0 77 9 110 29 34 20 60 46 80 80 20 33 29 70 29 110z\" transform=\"scale(0.046875 0.046875)\"><\/path><\/svg><\/div><\/div><div class='ff-el-input--content'><input  aria-label='P\u00e4iv\u00e4m\u00e4\u00e4r\u00e4 Use arrow keys to navigate dates. Press enter to select a date.'  aria-haspopup='dialog' data-type-datepicker data-format='d\/m\/Y' type=\"text\" name=\"datetime\" id=\"ff_1_datetime\" class=\"ff-el-form-control ff-el-datepicker\" data-name=\"datetime\"  aria-invalid='false' aria-required=true><\/div><\/div><div class='ff-el-group has-conditions'><div class=\"ff-el-input--label ff-el-is-required asterisk-right\"><label for='ff_1_dropdown_1' id='label_ff_1_dropdown_1' aria-label=\"Valitse tarkastusajankohta\">Valitse tarkastusajankohta<\/label><\/div><div class='ff-el-input--content'><select name=\"dropdown_1\" id=\"ff_1_dropdown_1\" class=\"ff-el-form-control\" data-name=\"dropdown_1\" data-calc_value=\"0\"  aria-invalid=\"false\" aria-required=\"true\" aria-labelledby=\"label_ff_1_dropdown_1\"><option value=\"\">&#8211; Valitse-<\/option><option value=\"8:00-8:30\"  >8:00-8:30<\/option><option value=\"8:30-9:00\"  >8:30-9:00<\/option><option value=\"9:00-9:30\"  >9:00-9:30<\/option><option value=\"9:30-10:00\"  >9:30-10:00<\/option><option value=\"10:00-10:30\"  >10:00-10:30<\/option><option value=\"10:30-11:00\"  >10:30-11:00<\/option><option value=\"11:00-11:30\"  >11:00-11:30<\/option><option value=\"11:30-12:00\"  >11:30-12:00<\/option><option value=\"12:30-13:00\"  >12:30-13:00<\/option><option value=\"13:00-13:30\"  >13:00-13:30<\/option><option value=\"13:30-14:00\"  >13:30-14:00<\/option><option value=\"14:00-14:30\"  >14:00-14:30<\/option><option value=\"14:30-15:00\"  >14:30-15:00<\/option><option value=\"15:00-15:30\"  >15:00-15:30<\/option><option value=\"15:30-16:00\"  >15:30-16:00<\/option><option value=\"16:30-17:00\"  >16:30-17:00<\/option><option value=\"17:00-17:30\"  >17:00-17:30<\/option><option value=\"17:30-18:00\"  >17:30-18:00<\/option><option value=\"18:00-18:30\"  >18:00-18:30<\/option><option value=\"18:30-19:00\"  >18:30-19:00<\/option><option value=\"19:00-19:30\"  >19:00-19:30<\/option><\/select><\/div><\/div><div class='ff-el-group has-conditions'><div class=\"ff-el-input--label ff-el-is-required asterisk-right\"><label for='ff_1_dropdown_2' id='label_ff_1_dropdown_2' aria-label=\"Valitse tarkastusajankohta\">Valitse tarkastusajankohta<\/label><\/div><div class='ff-el-input--content'><select name=\"dropdown_2\" id=\"ff_1_dropdown_2\" class=\"ff-el-form-control\" data-name=\"dropdown_2\" data-calc_value=\"0\"  aria-invalid=\"false\" aria-required=\"true\" aria-labelledby=\"label_ff_1_dropdown_2\"><option value=\"\">&#8211; Valitse-<\/option><option value=\"10:00-10:30\"  >10:00-10:30<\/option><option value=\"10:30-11:00\"  >10:30-11:00<\/option><option value=\"11:00-11:30\"  >11:00-11:30<\/option><option value=\"11:30-12:00\"  >11:30-12:00<\/option><option value=\"12:00-12:30\"  >12:00-12:30<\/option><option value=\"12:30-13:00\"  >12:30-13:00<\/option><option value=\"13:00-13:30\"  >13:00-13:30<\/option><option value=\"13:30-14:00\"  >13:30-14:00<\/option><option value=\"14:00-14:30\"  >14:00-14:30<\/option><option value=\"14:30-15:00\"  >14:30-15:00<\/option><option value=\"15:00-15:30\"  >15:00-15:30<\/option><\/select><\/div><\/div><div class='ff-el-group has-conditions'><div class=\"ff-el-input--label ff-el-is-required asterisk-right\"><label for='ff_1_dropdown_3' id='label_ff_1_dropdown_3' aria-label=\"Valitse tarkastusajankohta\">Valitse tarkastusajankohta<\/label><\/div><div class='ff-el-input--content'><select name=\"dropdown_3\" id=\"ff_1_dropdown_3\" class=\"ff-el-form-control\" data-name=\"dropdown_3\" data-calc_value=\"0\"  aria-invalid=\"false\" aria-required=\"true\" aria-labelledby=\"label_ff_1_dropdown_3\"><option value=\"\">&#8211; Valitse-<\/option><option value=\"14:00-14:30\"  >14:00-14:30<\/option><option value=\"14:30-15:00\"  >14:30-15:00<\/option><option value=\"15:00-15:30\"  >15:00-15:30<\/option><option value=\"15:30-16:00\"  >15:30-16:00<\/option><option value=\"16:00-16:30\"  >16:00-16:30<\/option><option value=\"16:30-17:00\"  >16:30-17:00<\/option><option value=\"17:00-17:30\"  >17:00-17:30<\/option><option value=\"17:30-18:00\"  >17:30-18:00<\/option><option value=\"18:00-18:30\"  >18:00-18:30<\/option><option value=\"18:30-19:00\"  >18:30-19:00<\/option><\/select><\/div><\/div><div class='ff-el-group'><div class=\"ff-el-input--label asterisk-right\"><label for='ff_1_message' id='label_ff_1_message' aria-label=\"Viesti\">Viesti<\/label><\/div><div class='ff-el-input--content'><textarea aria-required=\"false\" aria-labelledby=\"label_ff_1_message\" name=\"message\" id=\"ff_1_message\" class=\"ff-el-form-control\" placeholder=\"Viesti\" rows=\"4\" cols=\"2\" data-name=\"message\" ><\/textarea><\/div><\/div><div class='ff-el-group'><div class='ff-el-input--content'><div class='ff-el-form-check ff-el-form-check-'><label class='ff-el-form-check-label' for='checkbox_6497ea9230ae1dc0abdf47b781f4335b'><input  type=\"checkbox\" name=\"checkbox[]\" data-name=\"checkbox\" class=\"ff-el-form-check-input ff-el-form-check-checkbox\" value=\"Hyv\u00e4ksyn k\u00e4ytt\u00f6ehdot ja ymm\u00e4rr\u00e4n, miten tietojani k\u00e4ytet\u00e4\u00e4n\"  id='checkbox_6497ea9230ae1dc0abdf47b781f4335b' aria-label='Hyv\u00e4ksyn k\u00e4ytt\u00f6ehdot ja ymm\u00e4rr\u00e4n, miten tietojani k\u00e4ytet\u00e4\u00e4n' aria-invalid='false' aria-required=true> <span>Hyv\u00e4ksyn k\u00e4ytt\u00f6ehdot ja ymm\u00e4rr\u00e4n, miten tietojani k\u00e4ytet\u00e4\u00e4n<\/span><\/label><\/div><\/div><\/div><div class='ff-el-group'><div class='ff-el-input--content'><div class='ff-el-form-check ff-el-form-check-'><label class='ff-el-form-check-label' for='checkbox_1_84ca6ed7b4b012afda3bb3e9300dc880'><input  type=\"checkbox\" name=\"checkbox_1[]\" data-name=\"checkbox_1\" class=\"ff-el-form-check-input ff-el-form-check-checkbox\" value=\"Olen lukenut tietosuojak\u00e4yt\u00e4nn\u00f6n\"  id='checkbox_1_84ca6ed7b4b012afda3bb3e9300dc880' aria-label='Olen lukenut tietosuojak\u00e4yt\u00e4nn\u00f6n' aria-invalid='false' aria-required=true> <span>Olen lukenut tietosuojak\u00e4yt\u00e4nn\u00f6n<\/span><\/label><\/div><\/div><\/div><div class='ff-el-group ff-text-left ff_submit_btn_wrapper'><button type=\"submit\" class=\"ff-btn ff-btn-submit ff-btn-md ff_btn_style\"  aria-label=\"Varaa Aika\">Varaa Aika<\/button><\/div><\/fieldset><\/form><div id='fluentform_1_errors' class='ff-errors-in-stack ff_form_instance_1_1 ff-form-loading_errors ff_form_instance_1_1_errors'><\/div><\/div>            <script type=\"text\/javascript\">\n                window.fluent_form_ff_form_instance_1_1 = {\"id\":\"1\",\"settings\":{\"layout\":{\"labelPlacement\":\"top\",\"asteriskPlacement\":\"asterisk-right\",\"helpMessagePlacement\":\"with_label\",\"errorMessagePlacement\":\"inline\",\"cssClassName\":\"\"},\"restrictions\":{\"denyEmptySubmission\":{\"enabled\":false}}},\"form_instance\":\"ff_form_instance_1_1\",\"form_id_selector\":\"fluentform_1\",\"rules\":{\"names[first_name]\":{\"required\":{\"value\":true,\"message\":\"This field is required\",\"global\":true,\"global_message\":\"This field is required\"}},\"names[middle_name]\":{\"required\":{\"value\":false,\"message\":\"This field is required\",\"global\":true,\"global_message\":\"This field is required\"}},\"names[last_name]\":{\"required\":{\"value\":false,\"message\":\"This field is required\",\"global\":true,\"global_message\":\"This field is required\"}},\"email\":{\"required\":{\"value\":true,\"message\":\"This field is required\",\"global\":true,\"global_message\":\"This field is required\"},\"email\":{\"value\":true,\"message\":\"This field must contain a valid email\",\"global\":true,\"global_message\":\"This field must contain a valid email\"}},\"dropdown\":{\"required\":{\"value\":true,\"message\":\"This field is required\",\"global_message\":\"This field is required\",\"global\":true}},\"address_1[address_line_1]\":{\"required\":{\"value\":true,\"message\":\"This field is required\",\"global_message\":\"This field is required\",\"global\":true}},\"address_1[address_line_2]\":{\"required\":{\"value\":false,\"message\":\"This field is required\",\"global_message\":\"This field is required\",\"global\":true}},\"address_1[city]\":{\"required\":{\"value\":true,\"message\":\"This field is required\",\"global_message\":\"This field is required\",\"global\":true}},\"address_1[state]\":{\"required\":{\"value\":false,\"message\":\"This field is required\",\"global_message\":\"This field is required\",\"global\":true}},\"address_1[zip]\":{\"required\":{\"value\":true,\"message\":\"This field is required\",\"global_message\":\"This field is required\",\"global\":true}},\"address_1[country]\":{\"required\":{\"value\":false,\"message\":\"This field is required\",\"global_message\":\"This field is required\",\"global\":true}},\"datetime\":{\"required\":{\"value\":true,\"message\":\"This field is required\",\"global_message\":\"This field is required\",\"global\":true}},\"dropdown_1\":{\"required\":{\"value\":true,\"message\":\"This field is required\",\"global_message\":\"This field is required\",\"global\":true}},\"dropdown_2\":{\"required\":{\"value\":true,\"message\":\"This field is required\",\"global_message\":\"This field is required\",\"global\":true}},\"dropdown_3\":{\"required\":{\"value\":true,\"message\":\"This field is required\",\"global_message\":\"This field is required\",\"global\":true}},\"message\":{\"required\":{\"value\":false,\"message\":\"This field is required\",\"global\":true,\"global_message\":\"This field is required\"}},\"checkbox\":{\"required\":{\"value\":true,\"message\":\"This field is required\",\"global_message\":\"This field is required\",\"global\":true}},\"checkbox_1\":{\"required\":{\"value\":true,\"message\":\"This field is required\",\"global_message\":\"This field is required\",\"global\":true}}},\"debounce_time\":300,\"conditionals\":{\"address_1\":{\"type\":\"any\",\"status\":true,\"conditions\":[{\"field\":\"dropdown\",\"value\":\"Miss\\u00e4 tahansa sin\\u00e4 olet\",\"operator\":\"=\"}],\"condition_groups\":[{\"rules\":[{\"field\":\"\",\"value\":\"\",\"operator\":\"\"}],\"title\":\"\",\"isEditingTitle\":false,\"isPreviewOpen\":false,\"isGroupOpen\":true}]},\"dropdown_1\":{\"type\":\"any\",\"status\":true,\"conditions\":[{\"field\":\"dropdown\",\"value\":\"Terkko Health Hub\",\"operator\":\"=\"}],\"condition_groups\":[{\"rules\":[{\"field\":\"\",\"value\":\"\",\"operator\":\"\"}],\"title\":\"\",\"isEditingTitle\":false,\"isPreviewOpen\":false,\"isGroupOpen\":true}]},\"dropdown_2\":{\"type\":\"any\",\"status\":true,\"conditions\":[{\"field\":\"dropdown\",\"value\":\"EuroHammas\",\"operator\":\"=\"}],\"condition_groups\":[{\"rules\":[{\"field\":\"\",\"value\":\"\",\"operator\":\"\"}],\"title\":\"\",\"isEditingTitle\":false,\"isPreviewOpen\":false,\"isGroupOpen\":true}]},\"dropdown_3\":{\"type\":\"any\",\"status\":true,\"conditions\":[{\"field\":\"dropdown\",\"value\":\"Miss\\u00e4 tahansa sin\\u00e4 olet\",\"operator\":\"=\"}],\"condition_groups\":[{\"rules\":[{\"field\":\"\",\"value\":\"\",\"operator\":\"\"}],\"title\":\"\",\"isEditingTitle\":false,\"isPreviewOpen\":false,\"isGroupOpen\":true}]}}};\n                            <\/script>\n            \t\t<\/div>\n\t<\/div>\n<\/div>\n<\/div>\n<\/div>\n\n\n\n<p><\/p>\n","protected":false},"excerpt":{"rendered":"<p>Yhteystiedot 045 144 1514support@hammtek.com Terkko Health Hub Haartmaninkatu 4 00290 Helsinki<\/p>\n","protected":false},"author":1,"featured_media":0,"parent":0,"menu_order":0,"comment_status":"closed","ping_status":"closed","template":"","meta":{"jetpack_post_was_ever_published":false,"footnotes":""},"class_list":["post-943","page","type-page","status-publish","hentry"],"jetpack_sharing_enabled":true,"jetpack-related-posts":[{"id":699,"url":"https:\/\/hammtek.com\/campaign\/terms-conditions\/","url_meta":{"origin":943,"position":0},"title":"Terms &amp; Conditions","author":"admin","date":"April 10, 2025","format":false,"excerpt":"K\u00e4ytt\u00f6ehdot (FINN-EN) Voimaantulop\u00e4iv\u00e4: 12.04.2025 N\u00e4m\u00e4 k\u00e4ytt\u00f6ehdot (\"Ehdot\") koskevat osallistumistasi HammTekin suun terveyden kampanjaan sek\u00e4 HammTek-palvelun k\u00e4ytt\u00f6\u00e4. Rekister\u00f6itym\u00e4ll\u00e4 kampanjaan ja k\u00e4ytt\u00e4m\u00e4ll\u00e4 palvelua sitoudut noudattamaan n\u00e4it\u00e4 ehtoja. Lue ehdot huolellisesti. Jos et hyv\u00e4ksy n\u00e4it\u00e4 ehtoja, \u00e4l\u00e4 osallistu kampanjaan. 1. Osallistuminen ja kelpoisuus Osallistuminen HammTek-kampanjaan on vapaaehtoista ja avoin henkil\u00f6ille, jotka haluavat saada\u2026","rel":"","context":"Similar post","block_context":{"text":"Similar post","link":""},"img":{"alt_text":"","src":"","width":0,"height":0},"classes":[]},{"id":681,"url":"https:\/\/hammtek.com\/campaign\/privacy-policy\/","url_meta":{"origin":943,"position":1},"title":"Privacy Policy","author":"admin","date":"April 10, 2025","format":false,"excerpt":"Tietosuojak\u00e4yt\u00e4nt\u00f6 (FINN-EN) Voimaantulop\u00e4iv\u00e4: 12.04.2025 1. Johdanto T\u00e4ss\u00e4 tietosuojak\u00e4yt\u00e4nn\u00f6ss\u00e4 kerromme, miten k\u00e4sittelemme henkil\u00f6tietojasi HammTek-kampanjan yhteydess\u00e4. Sitoudumme suojaamaan yksityisyytt\u00e4si ja k\u00e4sittelemme tietojasi aina luottamuksellisesti ja tietosuojalains\u00e4\u00e4d\u00e4nn\u00f6n mukaisesti (kuten GDPR). Kampanjassa ker\u00e4tt\u00e4v\u00e4t tiedot liittyv\u00e4t suun terveyden tarkastukseen. Tietoja ei koskaan jaeta kolmansille osapuolille ilman suostumustasi, ja voit pyyt\u00e4\u00e4 tietojesi poistamista milloin tahansa. 2.\u2026","rel":"","context":"Similar post","block_context":{"text":"Similar post","link":""},"img":{"alt_text":"","src":"","width":0,"height":0},"classes":[]}],"_links":{"self":[{"href":"https:\/\/hammtek.com\/campaign\/wp-json\/wp\/v2\/pages\/943","targetHints":{"allow":["GET"]}}],"collection":[{"href":"https:\/\/hammtek.com\/campaign\/wp-json\/wp\/v2\/pages"}],"about":[{"href":"https:\/\/hammtek.com\/campaign\/wp-json\/wp\/v2\/types\/page"}],"author":[{"embeddable":true,"href":"https:\/\/hammtek.com\/campaign\/wp-json\/wp\/v2\/users\/1"}],"replies":[{"embeddable":true,"href":"https:\/\/hammtek.com\/campaign\/wp-json\/wp\/v2\/comments?post=943"}],"version-history":[{"count":6,"href":"https:\/\/hammtek.com\/campaign\/wp-json\/wp\/v2\/pages\/943\/revisions"}],"predecessor-version":[{"id":951,"href":"https:\/\/hammtek.com\/campaign\/wp-json\/wp\/v2\/pages\/943\/revisions\/951"}],"wp:attachment":[{"href":"https:\/\/hammtek.com\/campaign\/wp-json\/wp\/v2\/media?parent=943"}],"curies":[{"name":"wp","href":"https:\/\/api.w.org\/{rel}","templated":true}]}}